{"id":77,"date":"2020-04-25T10:03:02","date_gmt":"2020-04-25T08:03:02","guid":{"rendered":"http:\/\/am-paysage59.fr\/?page_id=77"},"modified":"2020-05-02T09:12:23","modified_gmt":"2020-05-02T07:12:23","slug":"amenagement-vegetal-paysager","status":"publish","type":"page","link":"https:\/\/am-paysage59.fr\/index.php\/amenagement-vegetal-paysager\/","title":{"rendered":"am\u00e9nagement v\u00e9g\u00e9tal"},"content":{"rendered":"\t\t<div data-elementor-type=\"wp-page\" data-elementor-id=\"77\" class=\"elementor elementor-77\" data-elementor-post-type=\"page\">\n\t\t\t\t\t\t<section class=\"elementor-section elementor-top-section elementor-element elementor-element-593ecbf8 elementor-section-height-min-height elementor-section-boxed elementor-section-height-default elementor-section-items-middle\" data-id=\"593ecbf8\" data-element_type=\"section\" data-e-type=\"section\" data-settings=\"{&quot;background_background&quot;:&quot;classic&quot;}\">\n\t\t\t\t\t\t\t<div class=\"elementor-background-overlay\"><\/div>\n\t\t\t\t\t\t\t<div class=\"elementor-container elementor-column-gap-default\">\n\t\t\t\t\t<div class=\"elementor-column elementor-col-100 elementor-top-column elementor-element elementor-element-562b1ee2\" data-id=\"562b1ee2\" data-element_type=\"column\" data-e-type=\"column\">\n\t\t\t<div class=\"elementor-widget-wrap elementor-element-populated\">\n\t\t\t\t\t\t<div class=\"elementor-element elementor-element-46caf13 elementor-widget elementor-widget-heading\" data-id=\"46caf13\" data-element_type=\"widget\" data-e-type=\"widget\" data-widget_type=\"heading.default\">\n\t\t\t\t<div class=\"elementor-widget-container\">\n\t\t\t\t\t<h2 class=\"elementor-heading-title elementor-size-default\">am\u00e9nagement<br>v\u00e9g\u00e9tal<\/h2>\t\t\t\t<\/div>\n\t\t\t\t<\/div>\n\t\t\t\t<div class=\"elementor-element elementor-element-6501e1ac elementor-widget elementor-widget-heading\" data-id=\"6501e1ac\" data-element_type=\"widget\" data-e-type=\"widget\" data-widget_type=\"heading.default\">\n\t\t\t\t<div class=\"elementor-widget-container\">\n\t\t\t\t\t<h2 class=\"elementor-heading-title elementor-size-default\">AM Paysage vous propose l'am\u00e9nagement v\u00e9g\u00e9tal, embellit vos jardins dans le respect des normes environnementales en appliquant la politique de O'Phyto. AM Paysage peut r\u00e9pondre \u00e0 toutes les demandes et les projets que vous avez pour l'am\u00e9nagement de vos espaces ext\u00e9rieurs dans le secteur du P\u00e9v\u00e8le.<\/h2>\t\t\t\t<\/div>\n\t\t\t\t<\/div>\n\t\t\t\t\t<\/div>\n\t\t<\/div>\n\t\t\t\t\t<\/div>\n\t\t<\/section>\n\t\t\t\t<section class=\"elementor-section elementor-top-section elementor-element elementor-element-fcede9a elementor-section-height-min-height elementor-section-full_width elementor-section-height-default elementor-section-items-middle\" data-id=\"fcede9a\" data-element_type=\"section\" data-e-type=\"section\" data-settings=\"{&quot;background_background&quot;:&quot;classic&quot;}\">\n\t\t\t\t\t\t<div class=\"elementor-container elementor-column-gap-no\">\n\t\t\t\t\t<div class=\"elementor-column elementor-col-100 elementor-top-column elementor-element elementor-element-356ca5a\" data-id=\"356ca5a\" data-element_type=\"column\" data-e-type=\"column\">\n\t\t\t<div class=\"elementor-widget-wrap elementor-element-populated\">\n\t\t\t\t\t\t<div class=\"elementor-element elementor-element-a31ff2d elementor-widget elementor-widget-heading\" data-id=\"a31ff2d\" data-element_type=\"widget\" data-e-type=\"widget\" data-widget_type=\"heading.default\">\n\t\t\t\t<div class=\"elementor-widget-container\">\n\t\t\t\t\t<h2 class=\"elementor-heading-title elementor-size-default\">nos r\u00e9alisations<\/h2>\t\t\t\t<\/div>\n\t\t\t\t<\/div>\n\t\t\t\t<div class=\"elementor-element elementor-element-d71701e elementor-skin-carousel elementor-arrows-yes elementor-pagination-type-bullets elementor-pagination-position-outside elementor-widget elementor-widget-media-carousel\" data-id=\"d71701e\" data-element_type=\"widget\" data-e-type=\"widget\" data-settings=\"{&quot;skin&quot;:&quot;carousel&quot;,&quot;effect&quot;:&quot;slide&quot;,&quot;show_arrows&quot;:&quot;yes&quot;,&quot;pagination&quot;:&quot;bullets&quot;,&quot;speed&quot;:500,&quot;autoplay&quot;:&quot;yes&quot;,&quot;autoplay_speed&quot;:5000,&quot;loop&quot;:&quot;yes&quot;,&quot;pause_on_hover&quot;:&quot;yes&quot;,&quot;pause_on_interaction&quot;:&quot;yes&quot;,&quot;space_between&quot;:{&quot;unit&quot;:&quot;px&quot;,&quot;size&quot;:10,&quot;sizes&quot;:[]},&quot;space_between_tablet&quot;:{&quot;unit&quot;:&quot;px&quot;,&quot;size&quot;:10,&quot;sizes&quot;:[]},&quot;space_between_mobile&quot;:{&quot;unit&quot;:&quot;px&quot;,&quot;size&quot;:10,&quot;sizes&quot;:[]}}\" data-widget_type=\"media-carousel.default\">\n\t\t\t\t<div class=\"elementor-widget-container\">\n\t\t\t\t\t\t\t\t\t<div class=\"elementor-swiper\">\n\t\t\t\t\t<div class=\"elementor-main-swiper swiper\" role=\"region\" aria-roledescription=\"carousel\" aria-label=\"Diapositives\">\n\t\t\t\t<div class=\"swiper-wrapper\">\n\t\t\t\t\t\t\t\t\t\t\t<div class=\"swiper-slide\" role=\"group\" aria-roledescription=\"slide\">\n\t\t\t\t\t\t\t\t\t<div class=\"elementor-carousel-image\" role=\"img\" aria-label=\"am\u00e9nagement v\u00e9g\u00e9tal AM Paysage Capelle en P\u00e9v\u00e8le 59242\" style=\"background-image: url(&#039;https:\/\/am-paysage59.fr\/wp-content\/uploads\/2020\/04\/IMG_4353-scaled.jpg&#039;)\">\n\n\t\t\t\n\t\t\t\t\t<\/div>\n\t\t\t\t\t\t\t\t<\/div>\n\t\t\t\t\t\t\t\t\t\t\t<div class=\"swiper-slide\" role=\"group\" aria-roledescription=\"slide\">\n\t\t\t\t\t\t\t\t\t<div class=\"elementor-carousel-image\" role=\"img\" aria-label=\"am\u00e9nagement v\u00e9g\u00e9tal AM Paysage Capelle en P\u00e9v\u00e8le 59242\" style=\"background-image: url(&#039;https:\/\/am-paysage59.fr\/wp-content\/uploads\/2020\/04\/IMG_1282-scaled.jpg&#039;)\">\n\n\t\t\t\n\t\t\t\t\t<\/div>\n\t\t\t\t\t\t\t\t<\/div>\n\t\t\t\t\t\t\t\t\t\t\t<div class=\"swiper-slide\" role=\"group\" aria-roledescription=\"slide\">\n\t\t\t\t\t\t\t\t\t<div class=\"elementor-carousel-image\" role=\"img\" aria-label=\"am\u00e9nagement v\u00e9g\u00e9tal AM Paysage Capelle en P\u00e9v\u00e8le 59242\" style=\"background-image: url(&#039;https:\/\/am-paysage59.fr\/wp-content\/uploads\/2020\/04\/IMG_1198-scaled.jpg&#039;)\">\n\n\t\t\t\n\t\t\t\t\t<\/div>\n\t\t\t\t\t\t\t\t<\/div>\n\t\t\t\t\t\t\t\t\t\t\t<div class=\"swiper-slide\" role=\"group\" aria-roledescription=\"slide\">\n\t\t\t\t\t\t\t\t\t<div class=\"elementor-carousel-image\" role=\"img\" aria-label=\"Remplacement am v\u00e9g2\" style=\"background-image: url(&#039;https:\/\/am-paysage59.fr\/wp-content\/uploads\/2020\/05\/Remplacement-am-v\u00e9g2-scaled.jpg&#039;)\">\n\n\t\t\t\n\t\t\t\t\t<\/div>\n\t\t\t\t\t\t\t\t<\/div>\n\t\t\t\t\t\t\t\t\t\t\t<div class=\"swiper-slide\" role=\"group\" aria-roledescription=\"slide\">\n\t\t\t\t\t\t\t\t\t<div class=\"elementor-carousel-image\" role=\"img\" aria-label=\"am\u00e9nagement v\u00e9g\u00e9tal AM Paysage Capelle en P\u00e9v\u00e8le 59242\" style=\"background-image: url(&#039;https:\/\/am-paysage59.fr\/wp-content\/uploads\/2020\/04\/IMG_0827-scaled.jpg&#039;)\">\n\n\t\t\t\n\t\t\t\t\t<\/div>\n\t\t\t\t\t\t\t\t<\/div>\n\t\t\t\t\t\t\t\t\t\t\t<div class=\"swiper-slide\" role=\"group\" aria-roledescription=\"slide\">\n\t\t\t\t\t\t\t\t\t<div class=\"elementor-carousel-image\" role=\"img\" aria-label=\"am\u00e9nagement v\u00e9g\u00e9tal AM Paysage Capelle en P\u00e9v\u00e8le 59242\" style=\"background-image: url(&#039;https:\/\/am-paysage59.fr\/wp-content\/uploads\/2020\/04\/2018-10-03-14.49.48-scaled.jpg&#039;)\">\n\n\t\t\t\n\t\t\t\t\t<\/div>\n\t\t\t\t\t\t\t\t<\/div>\n\t\t\t\t\t\t\t\t\t\t\t<div class=\"swiper-slide\" role=\"group\" aria-roledescription=\"slide\">\n\t\t\t\t\t\t\t\t\t<div class=\"elementor-carousel-image\" role=\"img\" aria-label=\"am\u00e9nagement v\u00e9g\u00e9tal AM Paysage Capelle en P\u00e9v\u00e8le 59242\" style=\"background-image: url(&#039;https:\/\/am-paysage59.fr\/wp-content\/uploads\/2020\/04\/IMG_0807-scaled.jpg&#039;)\">\n\n\t\t\t\n\t\t\t\t\t<\/div>\n\t\t\t\t\t\t\t\t<\/div>\n\t\t\t\t\t\t\t\t\t\t\t<div class=\"swiper-slide\" role=\"group\" aria-roledescription=\"slide\">\n\t\t\t\t\t\t\t\t\t<div class=\"elementor-carousel-image\" role=\"img\" aria-label=\"am\u00e9nagement v\u00e9g\u00e9tal AM Paysage Capelle en P\u00e9v\u00e8le 59242\" style=\"background-image: url(&#039;https:\/\/am-paysage59.fr\/wp-content\/uploads\/2020\/04\/IMG_0806-scaled.jpg&#039;)\">\n\n\t\t\t\n\t\t\t\t\t<\/div>\n\t\t\t\t\t\t\t\t<\/div>\n\t\t\t\t\t\t\t\t\t\t\t<div class=\"swiper-slide\" role=\"group\" aria-roledescription=\"slide\">\n\t\t\t\t\t\t\t\t\t<div class=\"elementor-carousel-image\" role=\"img\" aria-label=\"remplacement am v\u00e9g5\" style=\"background-image: url(&#039;https:\/\/am-paysage59.fr\/wp-content\/uploads\/2020\/05\/remplacement-am-v\u00e9g5-scaled.jpg&#039;)\">\n\n\t\t\t\n\t\t\t\t\t<\/div>\n\t\t\t\t\t\t\t\t<\/div>\n\t\t\t\t\t\t\t\t\t\t\t<div class=\"swiper-slide\" role=\"group\" aria-roledescription=\"slide\">\n\t\t\t\t\t\t\t\t\t<div class=\"elementor-carousel-image\" role=\"img\" aria-label=\"am\u00e9nagement v\u00e9g\u00e9tal AM Paysage Capelle en P\u00e9v\u00e8le 59242\" style=\"background-image: url(&#039;https:\/\/am-paysage59.fr\/wp-content\/uploads\/2020\/04\/2018-09-14-14.44.39-scaled.jpg&#039;)\">\n\n\t\t\t\n\t\t\t\t\t<\/div>\n\t\t\t\t\t\t\t\t<\/div>\n\t\t\t\t\t\t\t\t\t\t\t<div class=\"swiper-slide\" role=\"group\" aria-roledescription=\"slide\">\n\t\t\t\t\t\t\t\t\t<div class=\"elementor-carousel-image\" role=\"img\" aria-label=\"am\u00e9nagement v\u00e9g\u00e9tal AM Paysage Capelle en P\u00e9v\u00e8le 59242\" style=\"background-image: url(&#039;https:\/\/am-paysage59.fr\/wp-content\/uploads\/2020\/04\/2018-08-23-17.28.21-scaled.jpg&#039;)\">\n\n\t\t\t\n\t\t\t\t\t<\/div>\n\t\t\t\t\t\t\t\t<\/div>\n\t\t\t\t\t\t\t\t\t\t\t<div class=\"swiper-slide\" role=\"group\" aria-roledescription=\"slide\">\n\t\t\t\t\t\t\t\t\t<div class=\"elementor-carousel-image\" role=\"img\" aria-label=\"am\u00e9nagement v\u00e9g\u00e9tal AM Paysage Capelle en P\u00e9v\u00e8le 59242\" style=\"background-image: url(&#039;https:\/\/am-paysage59.fr\/wp-content\/uploads\/2020\/04\/2017-09-09-11.14.25-scaled.jpg&#039;)\">\n\n\t\t\t\n\t\t\t\t\t<\/div>\n\t\t\t\t\t\t\t\t<\/div>\n\t\t\t\t\t\t\t\t\t\t\t<div class=\"swiper-slide\" role=\"group\" aria-roledescription=\"slide\">\n\t\t\t\t\t\t\t\t\t<div class=\"elementor-carousel-image\" role=\"img\" aria-label=\"am\u00e9nagement v\u00e9g\u00e9tal AM Paysage Capelle en P\u00e9v\u00e8le 59242\" style=\"background-image: url(&#039;https:\/\/am-paysage59.fr\/wp-content\/uploads\/2020\/04\/2017-07-06-21.47.11-scaled.jpg&#039;)\">\n\n\t\t\t\n\t\t\t\t\t<\/div>\n\t\t\t\t\t\t\t\t<\/div>\n\t\t\t\t\t\t\t\t\t\t\t<div class=\"swiper-slide\" role=\"group\" aria-roledescription=\"slide\">\n\t\t\t\t\t\t\t\t\t<div class=\"elementor-carousel-image\" role=\"img\" aria-label=\"am\u00e9nagement v\u00e9g\u00e9tal AM Paysage Capelle en P\u00e9v\u00e8le 59242\" style=\"background-image: url(&#039;https:\/\/am-paysage59.fr\/wp-content\/uploads\/2020\/04\/2017-07-06-20.16.04-scaled.jpg&#039;)\">\n\n\t\t\t\n\t\t\t\t\t<\/div>\n\t\t\t\t\t\t\t\t<\/div>\n\t\t\t\t\t\t\t\t\t\t\t<div class=\"swiper-slide\" role=\"group\" aria-roledescription=\"slide\">\n\t\t\t\t\t\t\t\t\t<div class=\"elementor-carousel-image\" role=\"img\" aria-label=\"am\u00e9nagement v\u00e9g\u00e9tal AM Paysage Capelle en P\u00e9v\u00e8le 59242\" style=\"background-image: url(&#039;https:\/\/am-paysage59.fr\/wp-content\/uploads\/2020\/04\/IMG_1209-scaled.jpeg&#039;)\">\n\n\t\t\t\n\t\t\t\t\t<\/div>\n\t\t\t\t\t\t\t\t<\/div>\n\t\t\t\t\t\t\t\t\t\t\t<div class=\"swiper-slide\" role=\"group\" aria-roledescription=\"slide\">\n\t\t\t\t\t\t\t\t\t<div class=\"elementor-carousel-image\" role=\"img\" aria-label=\"pavage AM Paysage Capelle en P\u00e9v\u00e8le 59242\" style=\"background-image: url(&#039;https:\/\/am-paysage59.fr\/wp-content\/uploads\/2020\/04\/IMG_1210-scaled.jpeg&#039;)\">\n\n\t\t\t\n\t\t\t\t\t<\/div>\n\t\t\t\t\t\t\t\t<\/div>\n\t\t\t\t\t\t\t\t\t\t\t<div class=\"swiper-slide\" role=\"group\" aria-roledescription=\"slide\">\n\t\t\t\t\t\t\t\t\t<div class=\"elementor-carousel-image\" role=\"img\" aria-label=\"am v\u00e9g1\" style=\"background-image: url(&#039;https:\/\/am-paysage59.fr\/wp-content\/uploads\/2020\/05\/am-v\u00e9g1-scaled.jpg&#039;)\">\n\n\t\t\t\n\t\t\t\t\t<\/div>\n\t\t\t\t\t\t\t\t<\/div>\n\t\t\t\t\t\t\t\t\t\t\t<div class=\"swiper-slide\" role=\"group\" aria-roledescription=\"slide\">\n\t\t\t\t\t\t\t\t\t<div class=\"elementor-carousel-image\" role=\"img\" aria-label=\"am v\u00e9g4\" style=\"background-image: url(&#039;https:\/\/am-paysage59.fr\/wp-content\/uploads\/2020\/05\/am-v\u00e9g4-scaled.jpg&#039;)\">\n\n\t\t\t\n\t\t\t\t\t<\/div>\n\t\t\t\t\t\t\t\t<\/div>\n\t\t\t\t\t\t\t\t\t<\/div>\n\t\t\t\t\t\t\t\t\t\t\t\t\t\t\t<div class=\"elementor-swiper-button elementor-swiper-button-prev\" role=\"button\" tabindex=\"0\" aria-label=\"Pr\u00e9c\u00e9dent\">\n\t\t\t\t\t\t\t<i aria-hidden=\"true\" class=\"eicon-chevron-left\"><\/i>\t\t\t\t\t\t<\/div>\n\t\t\t\t\t\t<div class=\"elementor-swiper-button elementor-swiper-button-next\" role=\"button\" tabindex=\"0\" aria-label=\"Suivant\">\n\t\t\t\t\t\t\t<i aria-hidden=\"true\" class=\"eicon-chevron-right\"><\/i>\t\t\t\t\t\t<\/div>\n\t\t\t\t\t\t\t\t\t\t\t\t\t\t\t\t<div class=\"swiper-pagination\"><\/div>\n\t\t\t\t\t\t\t\t\t\t\t\t<\/div>\n\t\t\t\t<\/div>\n\t\t\t\t\t\t\t\t<\/div>\n\t\t\t\t<\/div>\n\t\t\t\t\t<\/div>\n\t\t<\/div>\n\t\t\t\t\t<\/div>\n\t\t<\/section>\n\t\t\t\t<section class=\"elementor-section elementor-top-section elementor-element elementor-element-230a2198 elementor-section-height-min-height elementor-section-boxed elementor-section-height-default elementor-section-items-middle\" data-id=\"230a2198\" data-element_type=\"section\" data-e-type=\"section\">\n\t\t\t\t\t\t<div class=\"elementor-container elementor-column-gap-default\">\n\t\t\t\t\t<div class=\"elementor-column elementor-col-100 elementor-top-column elementor-element elementor-element-4de00ca1\" data-id=\"4de00ca1\" data-element_type=\"column\" data-e-type=\"column\">\n\t\t\t<div class=\"elementor-widget-wrap elementor-element-populated\">\n\t\t\t\t\t\t<div class=\"elementor-element elementor-element-9a95f7b elementor-widget elementor-widget-heading\" data-id=\"9a95f7b\" data-element_type=\"widget\" data-e-type=\"widget\" data-widget_type=\"heading.default\">\n\t\t\t\t<div class=\"elementor-widget-container\">\n\t\t\t\t\t<h2 class=\"elementor-heading-title elementor-size-default\">Une question, une demande de devis, n'h\u00e9sitez pas \u00e0 nous contacter, AM Paysage se fera un plaisir de vous renseigner dans les meilleurs d\u00e9lais<\/h2>\t\t\t\t<\/div>\n\t\t\t\t<\/div>\n\t\t\t\t<div class=\"elementor-element elementor-element-d22d381 elementor-button-align-stretch elementor-widget elementor-widget-form\" data-id=\"d22d381\" data-element_type=\"widget\" data-e-type=\"widget\" data-settings=\"{&quot;button_width&quot;:&quot;100&quot;,&quot;step_next_label&quot;:&quot;Suivant&quot;,&quot;step_previous_label&quot;:&quot;Pr\\u00e9c\\u00e9dent&quot;,&quot;step_type&quot;:&quot;number_text&quot;,&quot;step_icon_shape&quot;:&quot;circle&quot;}\" data-widget_type=\"form.default\">\n\t\t\t\t<div class=\"elementor-widget-container\">\n\t\t\t\t\t\t\t<form class=\"elementor-form\" method=\"post\" name=\"Nouveau formulaire\" aria-label=\"Nouveau formulaire\">\n\t\t\t<input type=\"hidden\" name=\"post_id\" value=\"77\"\/>\n\t\t\t<input type=\"hidden\" name=\"form_id\" value=\"d22d381\"\/>\n\t\t\t<input type=\"hidden\" name=\"referer_title\" value=\"am\u00e9nagement v\u00e9g\u00e9tal - AM Paysage - Cappelle en P\u00e9v\u00e8le\" \/>\n\n\t\t\t\t\t\t\t<input type=\"hidden\" name=\"queried_id\" value=\"77\"\/>\n\t\t\t\n\t\t\t<div class=\"elementor-form-fields-wrapper elementor-labels-\">\n\t\t\t\t\t\t\t\t<div class=\"elementor-field-type-text elementor-field-group elementor-column elementor-field-group-name elementor-col-100 elementor-field-required\">\n\t\t\t\t\t\t\t\t\t\t\t\t<label for=\"form-field-name\" class=\"elementor-field-label elementor-screen-only\">\n\t\t\t\t\t\t\t\tNom\t\t\t\t\t\t\t<\/label>\n\t\t\t\t\t\t\t\t\t\t\t\t\t\t<input size=\"1\" type=\"text\" name=\"form_fields[name]\" id=\"form-field-name\" class=\"elementor-field elementor-size-sm  elementor-field-textual\" placeholder=\"Nom\" required=\"required\">\n\t\t\t\t\t\t\t\t\t\t\t<\/div>\n\t\t\t\t\t\t\t\t<div class=\"elementor-field-type-tel elementor-field-group elementor-column elementor-field-group-field_033d426 elementor-col-100 elementor-field-required\">\n\t\t\t\t\t\t\t\t\t\t\t\t<label for=\"form-field-field_033d426\" class=\"elementor-field-label elementor-screen-only\">\n\t\t\t\t\t\t\t\tT\u00e9l.\t\t\t\t\t\t\t<\/label>\n\t\t\t\t\t\t\t\t<input size=\"1\" type=\"tel\" name=\"form_fields[field_033d426]\" id=\"form-field-field_033d426\" class=\"elementor-field elementor-size-sm  elementor-field-textual\" placeholder=\"T\u00e9l.\" required=\"required\" pattern=\"[0-9()#&amp;+*-=.]+\" title=\"Seuls les caract\u00e8res de num\u00e9ros de t\u00e9l\u00e9phone (#, -, *, etc.) sont accept\u00e9s.\">\n\n\t\t\t\t\t\t<\/div>\n\t\t\t\t\t\t\t\t<div class=\"elementor-field-type-email elementor-field-group elementor-column elementor-field-group-email elementor-col-100 elementor-field-required\">\n\t\t\t\t\t\t\t\t\t\t\t\t<label for=\"form-field-email\" class=\"elementor-field-label elementor-screen-only\">\n\t\t\t\t\t\t\t\tE-mail\t\t\t\t\t\t\t<\/label>\n\t\t\t\t\t\t\t\t\t\t\t\t\t\t<input size=\"1\" type=\"email\" name=\"form_fields[email]\" id=\"form-field-email\" class=\"elementor-field elementor-size-sm  elementor-field-textual\" placeholder=\"E-mail\" required=\"required\">\n\t\t\t\t\t\t\t\t\t\t\t<\/div>\n\t\t\t\t\t\t\t\t<div class=\"elementor-field-type-textarea elementor-field-group elementor-column elementor-field-group-message elementor-col-100 elementor-field-required\">\n\t\t\t\t\t\t\t\t\t\t\t\t<label for=\"form-field-message\" class=\"elementor-field-label elementor-screen-only\">\n\t\t\t\t\t\t\t\tMessage\t\t\t\t\t\t\t<\/label>\n\t\t\t\t\t\t<textarea class=\"elementor-field-textual elementor-field  elementor-size-sm\" name=\"form_fields[message]\" id=\"form-field-message\" rows=\"4\" placeholder=\"Message\" required=\"required\"><\/textarea>\t\t\t\t<\/div>\n\t\t\t\t\t\t\t\t<div class=\"elementor-field-group elementor-column elementor-field-type-submit elementor-col-100 e-form__buttons\">\n\t\t\t\t\t<button class=\"elementor-button elementor-size-sm\" type=\"submit\">\n\t\t\t\t\t\t<span class=\"elementor-button-content-wrapper\">\n\t\t\t\t\t\t\t\t\t\t\t\t\t\t\t\t\t\t\t\t\t\t<span class=\"elementor-button-text\">Envoyer<\/span>\n\t\t\t\t\t\t\t\t\t\t\t\t\t<\/span>\n\t\t\t\t\t<\/button>\n\t\t\t\t<\/div>\n\t\t\t<\/div>\n\t\t<\/form>\n\t\t\t\t\t\t<\/div>\n\t\t\t\t<\/div>\n\t\t\t\t\t<\/div>\n\t\t<\/div>\n\t\t\t\t\t<\/div>\n\t\t<\/section>\n\t\t\t\t<\/div>\n\t\t","protected":false},"excerpt":{"rendered":"<p>am\u00e9nagementv\u00e9g\u00e9tal AM Paysage vous propose l&rsquo;am\u00e9nagement v\u00e9g\u00e9tal, embellit vos jardins dans le respect des normes environnementales en appliquant la politique de O&rsquo;Phyto. AM Paysage peut r\u00e9pondre \u00e0 toutes les demandes et les projets que vous avez pour l&rsquo;am\u00e9nagement de vos espaces ext\u00e9rieurs dans le secteur du P\u00e9v\u00e8le. nos r\u00e9alisations Pr\u00e9c\u00e9dent Suivant Une question, une demande [&hellip;]<\/p>\n","protected":false},"author":1,"featured_media":0,"parent":0,"menu_order":0,"comment_status":"closed","ping_status":"closed","template":"elementor_header_footer","meta":{"_et_pb_use_builder":"","_et_pb_old_content":"","footnotes":""},"class_list":["post-77","page","type-page","status-publish","hentry"],"yoast_head":"<!-- This site is optimized with the Yoast SEO plugin v27.1.1 - https:\/\/yoast.com\/product\/yoast-seo-wordpress\/ -->\n<title>am\u00e9nagement v\u00e9g\u00e9tal - AM Paysage - Cappelle en P\u00e9v\u00e8le<\/title>\n<meta name=\"description\" content=\"AM Paysage vous propose l&#039;am\u00e9nagement v\u00e9g\u00e9tal, embelli vos jardins dans le respect des normes environnementales en appliquant la politique de &quot;O phyto&quot;\" \/>\n<meta name=\"robots\" content=\"index, follow, max-snippet:-1, max-image-preview:large, max-video-preview:-1\" \/>\n<link rel=\"canonical\" href=\"https:\/\/am-paysage59.fr\/index.php\/amenagement-vegetal-paysager\/\" \/>\n<meta property=\"og:locale\" content=\"fr_FR\" \/>\n<meta property=\"og:type\" content=\"article\" \/>\n<meta property=\"og:title\" content=\"am\u00e9nagement v\u00e9g\u00e9tal - AM Paysage - Cappelle en P\u00e9v\u00e8le\" \/>\n<meta property=\"og:description\" content=\"AM Paysage vous propose l&#039;am\u00e9nagement v\u00e9g\u00e9tal, embelli vos jardins dans le respect des normes environnementales en appliquant la politique de &quot;O phyto&quot;\" \/>\n<meta property=\"og:url\" content=\"https:\/\/am-paysage59.fr\/index.php\/amenagement-vegetal-paysager\/\" \/>\n<meta property=\"og:site_name\" content=\"AM Paysage\" \/>\n<meta property=\"article:modified_time\" content=\"2020-05-02T07:12:23+00:00\" \/>\n<meta name=\"twitter:card\" content=\"summary_large_image\" \/>\n<script type=\"application\/ld+json\" class=\"yoast-schema-graph\">{\"@context\":\"https:\/\/schema.org\",\"@graph\":[{\"@type\":\"WebPage\",\"@id\":\"https:\/\/am-paysage59.fr\/index.php\/amenagement-vegetal-paysager\/\",\"url\":\"https:\/\/am-paysage59.fr\/index.php\/amenagement-vegetal-paysager\/\",\"name\":\"am\u00e9nagement v\u00e9g\u00e9tal - AM Paysage - Cappelle en P\u00e9v\u00e8le\",\"isPartOf\":{\"@id\":\"https:\/\/am-paysage59.fr\/#website\"},\"datePublished\":\"2020-04-25T08:03:02+00:00\",\"dateModified\":\"2020-05-02T07:12:23+00:00\",\"description\":\"AM Paysage vous propose l'am\u00e9nagement v\u00e9g\u00e9tal, embelli vos jardins dans le respect des normes environnementales en appliquant la politique de \\\"O phyto\\\"\",\"breadcrumb\":{\"@id\":\"https:\/\/am-paysage59.fr\/index.php\/amenagement-vegetal-paysager\/#breadcrumb\"},\"inLanguage\":\"fr-FR\",\"potentialAction\":[{\"@type\":\"ReadAction\",\"target\":[\"https:\/\/am-paysage59.fr\/index.php\/amenagement-vegetal-paysager\/\"]}]},{\"@type\":\"BreadcrumbList\",\"@id\":\"https:\/\/am-paysage59.fr\/index.php\/amenagement-vegetal-paysager\/#breadcrumb\",\"itemListElement\":[{\"@type\":\"ListItem\",\"position\":1,\"name\":\"Accueil\",\"item\":\"https:\/\/am-paysage59.fr\/\"},{\"@type\":\"ListItem\",\"position\":2,\"name\":\"am\u00e9nagement v\u00e9g\u00e9tal\"}]},{\"@type\":\"WebSite\",\"@id\":\"https:\/\/am-paysage59.fr\/#website\",\"url\":\"https:\/\/am-paysage59.fr\/\",\"name\":\"AM Paysage\",\"description\":\"\",\"potentialAction\":[{\"@type\":\"SearchAction\",\"target\":{\"@type\":\"EntryPoint\",\"urlTemplate\":\"https:\/\/am-paysage59.fr\/?s={search_term_string}\"},\"query-input\":{\"@type\":\"PropertyValueSpecification\",\"valueRequired\":true,\"valueName\":\"search_term_string\"}}],\"inLanguage\":\"fr-FR\"}]}<\/script>\n<!-- \/ Yoast SEO plugin. -->","yoast_head_json":{"title":"am\u00e9nagement v\u00e9g\u00e9tal - AM Paysage - Cappelle en P\u00e9v\u00e8le","description":"AM Paysage vous propose l'am\u00e9nagement v\u00e9g\u00e9tal, embelli vos jardins dans le respect des normes environnementales en appliquant la politique de \"O phyto\"","robots":{"index":"index","follow":"follow","max-snippet":"max-snippet:-1","max-image-preview":"max-image-preview:large","max-video-preview":"max-video-preview:-1"},"canonical":"https:\/\/am-paysage59.fr\/index.php\/amenagement-vegetal-paysager\/","og_locale":"fr_FR","og_type":"article","og_title":"am\u00e9nagement v\u00e9g\u00e9tal - AM Paysage - Cappelle en P\u00e9v\u00e8le","og_description":"AM Paysage vous propose l'am\u00e9nagement v\u00e9g\u00e9tal, embelli vos jardins dans le respect des normes environnementales en appliquant la politique de \"O phyto\"","og_url":"https:\/\/am-paysage59.fr\/index.php\/amenagement-vegetal-paysager\/","og_site_name":"AM Paysage","article_modified_time":"2020-05-02T07:12:23+00:00","twitter_card":"summary_large_image","schema":{"@context":"https:\/\/schema.org","@graph":[{"@type":"WebPage","@id":"https:\/\/am-paysage59.fr\/index.php\/amenagement-vegetal-paysager\/","url":"https:\/\/am-paysage59.fr\/index.php\/amenagement-vegetal-paysager\/","name":"am\u00e9nagement v\u00e9g\u00e9tal - AM Paysage - Cappelle en P\u00e9v\u00e8le","isPartOf":{"@id":"https:\/\/am-paysage59.fr\/#website"},"datePublished":"2020-04-25T08:03:02+00:00","dateModified":"2020-05-02T07:12:23+00:00","description":"AM Paysage vous propose l'am\u00e9nagement v\u00e9g\u00e9tal, embelli vos jardins dans le respect des normes environnementales en appliquant la politique de \"O phyto\"","breadcrumb":{"@id":"https:\/\/am-paysage59.fr\/index.php\/amenagement-vegetal-paysager\/#breadcrumb"},"inLanguage":"fr-FR","potentialAction":[{"@type":"ReadAction","target":["https:\/\/am-paysage59.fr\/index.php\/amenagement-vegetal-paysager\/"]}]},{"@type":"BreadcrumbList","@id":"https:\/\/am-paysage59.fr\/index.php\/amenagement-vegetal-paysager\/#breadcrumb","itemListElement":[{"@type":"ListItem","position":1,"name":"Accueil","item":"https:\/\/am-paysage59.fr\/"},{"@type":"ListItem","position":2,"name":"am\u00e9nagement v\u00e9g\u00e9tal"}]},{"@type":"WebSite","@id":"https:\/\/am-paysage59.fr\/#website","url":"https:\/\/am-paysage59.fr\/","name":"AM Paysage","description":"","potentialAction":[{"@type":"SearchAction","target":{"@type":"EntryPoint","urlTemplate":"https:\/\/am-paysage59.fr\/?s={search_term_string}"},"query-input":{"@type":"PropertyValueSpecification","valueRequired":true,"valueName":"search_term_string"}}],"inLanguage":"fr-FR"}]}},"_links":{"self":[{"href":"https:\/\/am-paysage59.fr\/index.php\/wp-json\/wp\/v2\/pages\/77","targetHints":{"allow":["GET"]}}],"collection":[{"href":"https:\/\/am-paysage59.fr\/index.php\/wp-json\/wp\/v2\/pages"}],"about":[{"href":"https:\/\/am-paysage59.fr\/index.php\/wp-json\/wp\/v2\/types\/page"}],"author":[{"embeddable":true,"href":"https:\/\/am-paysage59.fr\/index.php\/wp-json\/wp\/v2\/users\/1"}],"replies":[{"embeddable":true,"href":"https:\/\/am-paysage59.fr\/index.php\/wp-json\/wp\/v2\/comments?post=77"}],"version-history":[{"count":58,"href":"https:\/\/am-paysage59.fr\/index.php\/wp-json\/wp\/v2\/pages\/77\/revisions"}],"predecessor-version":[{"id":786,"href":"https:\/\/am-paysage59.fr\/index.php\/wp-json\/wp\/v2\/pages\/77\/revisions\/786"}],"wp:attachment":[{"href":"https:\/\/am-paysage59.fr\/index.php\/wp-json\/wp\/v2\/media?parent=77"}],"curies":[{"name":"wp","href":"https:\/\/api.w.org\/{rel}","templated":true}]}}