{"id":280,"date":"2020-04-29T09:31:50","date_gmt":"2020-04-29T07:31:50","guid":{"rendered":"http:\/\/am-paysage59.fr\/?page_id=280"},"modified":"2020-05-02T09:14:24","modified_gmt":"2020-05-02T07:14:24","slug":"bassin-etangs","status":"publish","type":"page","link":"https:\/\/am-paysage59.fr\/index.php\/bassin-etangs\/","title":{"rendered":"bassin"},"content":{"rendered":"\t\t<div data-elementor-type=\"wp-page\" data-elementor-id=\"280\" class=\"elementor elementor-280\" data-elementor-post-type=\"page\">\n\t\t\t\t\t\t<section class=\"elementor-section elementor-top-section elementor-element elementor-element-7bc2a59c elementor-section-height-min-height elementor-section-boxed elementor-section-height-default elementor-section-items-middle\" data-id=\"7bc2a59c\" data-element_type=\"section\" data-e-type=\"section\" data-settings=\"{&quot;background_background&quot;:&quot;classic&quot;}\">\n\t\t\t\t\t\t\t<div class=\"elementor-background-overlay\"><\/div>\n\t\t\t\t\t\t\t<div class=\"elementor-container elementor-column-gap-default\">\n\t\t\t\t\t<div class=\"elementor-column elementor-col-100 elementor-top-column elementor-element elementor-element-5d67dbbe\" data-id=\"5d67dbbe\" data-element_type=\"column\" data-e-type=\"column\">\n\t\t\t<div class=\"elementor-widget-wrap elementor-element-populated\">\n\t\t\t\t\t\t<div class=\"elementor-element elementor-element-15391303 elementor-widget elementor-widget-heading\" data-id=\"15391303\" data-element_type=\"widget\" data-e-type=\"widget\" data-widget_type=\"heading.default\">\n\t\t\t\t<div class=\"elementor-widget-container\">\n\t\t\t\t\t<h2 class=\"elementor-heading-title elementor-size-default\">bassin<\/h2>\t\t\t\t<\/div>\n\t\t\t\t<\/div>\n\t\t\t\t<div class=\"elementor-element elementor-element-25852120 elementor-widget elementor-widget-heading\" data-id=\"25852120\" data-element_type=\"widget\" data-e-type=\"widget\" data-widget_type=\"heading.default\">\n\t\t\t\t<div class=\"elementor-widget-container\">\n\t\t\t\t\t<h2 class=\"elementor-heading-title elementor-size-default\">AM Paysage am\u00e9nage \u00e9galement des pi\u00e8ces d'eau, \u00e9tangs et bassins qui vous procureront une sensation unique de bien-\u00eatre. Une id\u00e9e en t\u00eate ou un besoin de conseil \u00e9clair\u00e9, nos professionnels vous guideront tout au long de la cr\u00e9ation de votre bassin sur mesure pour optimiser et magnifier vos espaces verts. Calme et z\u00e9nitude au programme avec AM Paysage !<\/h2>\t\t\t\t<\/div>\n\t\t\t\t<\/div>\n\t\t\t\t\t<\/div>\n\t\t<\/div>\n\t\t\t\t\t<\/div>\n\t\t<\/section>\n\t\t\t\t<section class=\"elementor-section elementor-top-section elementor-element elementor-element-72ec0495 elementor-section-height-min-height elementor-section-full_width elementor-section-height-default elementor-section-items-middle\" data-id=\"72ec0495\" data-element_type=\"section\" data-e-type=\"section\" data-settings=\"{&quot;background_background&quot;:&quot;classic&quot;}\">\n\t\t\t\t\t\t<div class=\"elementor-container elementor-column-gap-no\">\n\t\t\t\t\t<div class=\"elementor-column elementor-col-100 elementor-top-column elementor-element elementor-element-3438df72\" data-id=\"3438df72\" data-element_type=\"column\" data-e-type=\"column\">\n\t\t\t<div class=\"elementor-widget-wrap elementor-element-populated\">\n\t\t\t\t\t\t<div class=\"elementor-element elementor-element-4479527e elementor-widget elementor-widget-heading\" data-id=\"4479527e\" data-element_type=\"widget\" data-e-type=\"widget\" data-widget_type=\"heading.default\">\n\t\t\t\t<div class=\"elementor-widget-container\">\n\t\t\t\t\t<h2 class=\"elementor-heading-title elementor-size-default\">nos r\u00e9alisations<\/h2>\t\t\t\t<\/div>\n\t\t\t\t<\/div>\n\t\t\t\t<div class=\"elementor-element elementor-element-7d506354 elementor-skin-carousel elementor-arrows-yes elementor-pagination-type-bullets elementor-pagination-position-outside elementor-widget elementor-widget-media-carousel\" data-id=\"7d506354\" data-element_type=\"widget\" data-e-type=\"widget\" data-settings=\"{&quot;slides_per_view&quot;:&quot;2&quot;,&quot;slides_to_scroll&quot;:&quot;2&quot;,&quot;autoplay_speed&quot;:2000,&quot;skin&quot;:&quot;carousel&quot;,&quot;effect&quot;:&quot;slide&quot;,&quot;show_arrows&quot;:&quot;yes&quot;,&quot;pagination&quot;:&quot;bullets&quot;,&quot;speed&quot;:500,&quot;autoplay&quot;:&quot;yes&quot;,&quot;loop&quot;:&quot;yes&quot;,&quot;pause_on_hover&quot;:&quot;yes&quot;,&quot;pause_on_interaction&quot;:&quot;yes&quot;,&quot;space_between&quot;:{&quot;unit&quot;:&quot;px&quot;,&quot;size&quot;:10,&quot;sizes&quot;:[]},&quot;space_between_tablet&quot;:{&quot;unit&quot;:&quot;px&quot;,&quot;size&quot;:10,&quot;sizes&quot;:[]},&quot;space_between_mobile&quot;:{&quot;unit&quot;:&quot;px&quot;,&quot;size&quot;:10,&quot;sizes&quot;:[]}}\" data-widget_type=\"media-carousel.default\">\n\t\t\t\t<div class=\"elementor-widget-container\">\n\t\t\t\t\t\t\t\t\t<div class=\"elementor-swiper\">\n\t\t\t\t\t<div class=\"elementor-main-swiper swiper\" role=\"region\" aria-roledescription=\"carousel\" aria-label=\"Diapositives\">\n\t\t\t\t<div class=\"swiper-wrapper\">\n\t\t\t\t\t\t\t\t\t\t\t<div class=\"swiper-slide\" role=\"group\" aria-roledescription=\"slide\">\n\t\t\t\t\t\t\t\t\t<div class=\"elementor-carousel-image\" role=\"img\" aria-label=\"bassin AM Paysage Capelle en P\u00e9v\u00e8le 59242\" style=\"background-image: url(&#039;https:\/\/am-paysage59.fr\/wp-content\/uploads\/2020\/04\/2018-07-12-15.24.43-scaled.jpg&#039;)\">\n\n\t\t\t\n\t\t\t\t\t<\/div>\n\t\t\t\t\t\t\t\t<\/div>\n\t\t\t\t\t\t\t\t\t<\/div>\n\t\t\t\t\t\t\t<\/div>\n\t\t\t\t<\/div>\n\t\t\t\t\t\t\t\t<\/div>\n\t\t\t\t<\/div>\n\t\t\t\t\t<\/div>\n\t\t<\/div>\n\t\t\t\t\t<\/div>\n\t\t<\/section>\n\t\t\t\t<section class=\"elementor-section elementor-top-section elementor-element elementor-element-1cdcf0f5 elementor-section-height-min-height elementor-section-boxed elementor-section-height-default elementor-section-items-middle\" data-id=\"1cdcf0f5\" data-element_type=\"section\" data-e-type=\"section\">\n\t\t\t\t\t\t<div class=\"elementor-container elementor-column-gap-default\">\n\t\t\t\t\t<div class=\"elementor-column elementor-col-100 elementor-top-column elementor-element elementor-element-31ac8945\" data-id=\"31ac8945\" data-element_type=\"column\" data-e-type=\"column\">\n\t\t\t<div class=\"elementor-widget-wrap elementor-element-populated\">\n\t\t\t\t\t\t<div class=\"elementor-element elementor-element-27f54c3a elementor-widget elementor-widget-heading\" data-id=\"27f54c3a\" data-element_type=\"widget\" data-e-type=\"widget\" data-widget_type=\"heading.default\">\n\t\t\t\t<div class=\"elementor-widget-container\">\n\t\t\t\t\t<h2 class=\"elementor-heading-title elementor-size-default\">Une question, une demande de devis, n'h\u00e9sitez pas \u00e0 nous contacter, AM Paysage se fera un plaisir de vous renseigner dans les meilleurs d\u00e9lais<\/h2>\t\t\t\t<\/div>\n\t\t\t\t<\/div>\n\t\t\t\t<div class=\"elementor-element elementor-element-497a94c4 elementor-button-align-stretch elementor-widget elementor-widget-form\" data-id=\"497a94c4\" data-element_type=\"widget\" data-e-type=\"widget\" data-settings=\"{&quot;button_width&quot;:&quot;100&quot;,&quot;step_next_label&quot;:&quot;Suivant&quot;,&quot;step_previous_label&quot;:&quot;Pr\\u00e9c\\u00e9dent&quot;,&quot;step_type&quot;:&quot;number_text&quot;,&quot;step_icon_shape&quot;:&quot;circle&quot;}\" data-widget_type=\"form.default\">\n\t\t\t\t<div class=\"elementor-widget-container\">\n\t\t\t\t\t\t\t<form class=\"elementor-form\" method=\"post\" name=\"Nouveau formulaire\" aria-label=\"Nouveau formulaire\">\n\t\t\t<input type=\"hidden\" name=\"post_id\" value=\"280\"\/>\n\t\t\t<input type=\"hidden\" name=\"form_id\" value=\"497a94c4\"\/>\n\t\t\t<input type=\"hidden\" name=\"referer_title\" value=\"bassin - AM Paysage - Cappelle en P\u00e9v\u00e8le- Hauts de France\" \/>\n\n\t\t\t\t\t\t\t<input type=\"hidden\" name=\"queried_id\" value=\"280\"\/>\n\t\t\t\n\t\t\t<div class=\"elementor-form-fields-wrapper elementor-labels-\">\n\t\t\t\t\t\t\t\t<div class=\"elementor-field-type-text elementor-field-group elementor-column elementor-field-group-name elementor-col-100 elementor-field-required\">\n\t\t\t\t\t\t\t\t\t\t\t\t<label for=\"form-field-name\" class=\"elementor-field-label elementor-screen-only\">\n\t\t\t\t\t\t\t\tNom\t\t\t\t\t\t\t<\/label>\n\t\t\t\t\t\t\t\t\t\t\t\t\t\t<input size=\"1\" type=\"text\" name=\"form_fields[name]\" id=\"form-field-name\" class=\"elementor-field elementor-size-sm  elementor-field-textual\" placeholder=\"Nom\" required=\"required\">\n\t\t\t\t\t\t\t\t\t\t\t<\/div>\n\t\t\t\t\t\t\t\t<div class=\"elementor-field-type-tel elementor-field-group elementor-column elementor-field-group-field_033d426 elementor-col-100 elementor-field-required\">\n\t\t\t\t\t\t\t\t\t\t\t\t<label for=\"form-field-field_033d426\" class=\"elementor-field-label elementor-screen-only\">\n\t\t\t\t\t\t\t\tT\u00e9l.\t\t\t\t\t\t\t<\/label>\n\t\t\t\t\t\t\t\t<input size=\"1\" type=\"tel\" name=\"form_fields[field_033d426]\" id=\"form-field-field_033d426\" class=\"elementor-field elementor-size-sm  elementor-field-textual\" placeholder=\"T\u00e9l.\" required=\"required\" pattern=\"[0-9()#&amp;+*-=.]+\" title=\"Seuls les caract\u00e8res de num\u00e9ros de t\u00e9l\u00e9phone (#, -, *, etc.) sont accept\u00e9s.\">\n\n\t\t\t\t\t\t<\/div>\n\t\t\t\t\t\t\t\t<div class=\"elementor-field-type-email elementor-field-group elementor-column elementor-field-group-email elementor-col-100 elementor-field-required\">\n\t\t\t\t\t\t\t\t\t\t\t\t<label for=\"form-field-email\" class=\"elementor-field-label elementor-screen-only\">\n\t\t\t\t\t\t\t\tE-mail\t\t\t\t\t\t\t<\/label>\n\t\t\t\t\t\t\t\t\t\t\t\t\t\t<input size=\"1\" type=\"email\" name=\"form_fields[email]\" id=\"form-field-email\" class=\"elementor-field elementor-size-sm  elementor-field-textual\" placeholder=\"E-mail\" required=\"required\">\n\t\t\t\t\t\t\t\t\t\t\t<\/div>\n\t\t\t\t\t\t\t\t<div class=\"elementor-field-type-textarea elementor-field-group elementor-column elementor-field-group-message elementor-col-100 elementor-field-required\">\n\t\t\t\t\t\t\t\t\t\t\t\t<label for=\"form-field-message\" class=\"elementor-field-label elementor-screen-only\">\n\t\t\t\t\t\t\t\tMessage\t\t\t\t\t\t\t<\/label>\n\t\t\t\t\t\t<textarea class=\"elementor-field-textual elementor-field  elementor-size-sm\" name=\"form_fields[message]\" id=\"form-field-message\" rows=\"4\" placeholder=\"Message\" required=\"required\"><\/textarea>\t\t\t\t<\/div>\n\t\t\t\t\t\t\t\t<div class=\"elementor-field-group elementor-column elementor-field-type-submit elementor-col-100 e-form__buttons\">\n\t\t\t\t\t<button class=\"elementor-button elementor-size-sm\" type=\"submit\">\n\t\t\t\t\t\t<span class=\"elementor-button-content-wrapper\">\n\t\t\t\t\t\t\t\t\t\t\t\t\t\t\t\t\t\t\t\t\t\t<span class=\"elementor-button-text\">Envoyer<\/span>\n\t\t\t\t\t\t\t\t\t\t\t\t\t<\/span>\n\t\t\t\t\t<\/button>\n\t\t\t\t<\/div>\n\t\t\t<\/div>\n\t\t<\/form>\n\t\t\t\t\t\t<\/div>\n\t\t\t\t<\/div>\n\t\t\t\t\t<\/div>\n\t\t<\/div>\n\t\t\t\t\t<\/div>\n\t\t<\/section>\n\t\t\t\t<\/div>\n\t\t","protected":false},"excerpt":{"rendered":"<p>bassin AM Paysage am\u00e9nage \u00e9galement des pi\u00e8ces d&rsquo;eau, \u00e9tangs et bassins qui vous procureront une sensation unique de bien-\u00eatre. Une id\u00e9e en t\u00eate ou un besoin de conseil \u00e9clair\u00e9, nos professionnels vous guideront tout au long de la cr\u00e9ation de votre bassin sur mesure pour optimiser et magnifier vos espaces verts. Calme et z\u00e9nitude au [&hellip;]<\/p>\n","protected":false},"author":1,"featured_media":0,"parent":0,"menu_order":0,"comment_status":"closed","ping_status":"closed","template":"elementor_header_footer","meta":{"_et_pb_use_builder":"","_et_pb_old_content":"","footnotes":""},"class_list":["post-280","page","type-page","status-publish","hentry"],"yoast_head":"<!-- This site is optimized with the Yoast SEO plugin v27.1.1 - https:\/\/yoast.com\/product\/yoast-seo-wordpress\/ -->\n<title>bassin - AM Paysage - Cappelle en P\u00e9v\u00e8le- Hauts de France<\/title>\n<meta name=\"description\" content=\"AM Paysage am\u00e9nage \u00e9galement des pi\u00e8ces d&#039;eau, \u00e9tangs et bassin qui vous procureront une sensation unique de bien \u00eatre. Une id\u00e9e en t\u00eate\" \/>\n<meta name=\"robots\" content=\"index, follow, max-snippet:-1, max-image-preview:large, max-video-preview:-1\" \/>\n<link rel=\"canonical\" href=\"https:\/\/am-paysage59.fr\/index.php\/bassin-etangs\/\" \/>\n<meta property=\"og:locale\" content=\"fr_FR\" \/>\n<meta property=\"og:type\" content=\"article\" \/>\n<meta property=\"og:title\" content=\"bassin - AM Paysage - Cappelle en P\u00e9v\u00e8le- Hauts de France\" \/>\n<meta property=\"og:description\" content=\"AM Paysage am\u00e9nage \u00e9galement des pi\u00e8ces d&#039;eau, \u00e9tangs et bassin qui vous procureront une sensation unique de bien \u00eatre. Une id\u00e9e en t\u00eate\" \/>\n<meta property=\"og:url\" content=\"https:\/\/am-paysage59.fr\/index.php\/bassin-etangs\/\" \/>\n<meta property=\"og:site_name\" content=\"AM Paysage\" \/>\n<meta property=\"article:modified_time\" content=\"2020-05-02T07:14:24+00:00\" \/>\n<meta name=\"twitter:card\" content=\"summary_large_image\" \/>\n<script type=\"application\/ld+json\" class=\"yoast-schema-graph\">{\"@context\":\"https:\/\/schema.org\",\"@graph\":[{\"@type\":\"WebPage\",\"@id\":\"https:\/\/am-paysage59.fr\/index.php\/bassin-etangs\/\",\"url\":\"https:\/\/am-paysage59.fr\/index.php\/bassin-etangs\/\",\"name\":\"bassin - AM Paysage - Cappelle en P\u00e9v\u00e8le- Hauts de France\",\"isPartOf\":{\"@id\":\"https:\/\/am-paysage59.fr\/#website\"},\"datePublished\":\"2020-04-29T07:31:50+00:00\",\"dateModified\":\"2020-05-02T07:14:24+00:00\",\"description\":\"AM Paysage am\u00e9nage \u00e9galement des pi\u00e8ces d'eau, \u00e9tangs et bassin qui vous procureront une sensation unique de bien \u00eatre. Une id\u00e9e en t\u00eate\",\"breadcrumb\":{\"@id\":\"https:\/\/am-paysage59.fr\/index.php\/bassin-etangs\/#breadcrumb\"},\"inLanguage\":\"fr-FR\",\"potentialAction\":[{\"@type\":\"ReadAction\",\"target\":[\"https:\/\/am-paysage59.fr\/index.php\/bassin-etangs\/\"]}]},{\"@type\":\"BreadcrumbList\",\"@id\":\"https:\/\/am-paysage59.fr\/index.php\/bassin-etangs\/#breadcrumb\",\"itemListElement\":[{\"@type\":\"ListItem\",\"position\":1,\"name\":\"Accueil\",\"item\":\"https:\/\/am-paysage59.fr\/\"},{\"@type\":\"ListItem\",\"position\":2,\"name\":\"bassin\"}]},{\"@type\":\"WebSite\",\"@id\":\"https:\/\/am-paysage59.fr\/#website\",\"url\":\"https:\/\/am-paysage59.fr\/\",\"name\":\"AM Paysage\",\"description\":\"\",\"potentialAction\":[{\"@type\":\"SearchAction\",\"target\":{\"@type\":\"EntryPoint\",\"urlTemplate\":\"https:\/\/am-paysage59.fr\/?s={search_term_string}\"},\"query-input\":{\"@type\":\"PropertyValueSpecification\",\"valueRequired\":true,\"valueName\":\"search_term_string\"}}],\"inLanguage\":\"fr-FR\"}]}<\/script>\n<!-- \/ Yoast SEO plugin. -->","yoast_head_json":{"title":"bassin - AM Paysage - Cappelle en P\u00e9v\u00e8le- Hauts de France","description":"AM Paysage am\u00e9nage \u00e9galement des pi\u00e8ces d'eau, \u00e9tangs et bassin qui vous procureront une sensation unique de bien \u00eatre. Une id\u00e9e en t\u00eate","robots":{"index":"index","follow":"follow","max-snippet":"max-snippet:-1","max-image-preview":"max-image-preview:large","max-video-preview":"max-video-preview:-1"},"canonical":"https:\/\/am-paysage59.fr\/index.php\/bassin-etangs\/","og_locale":"fr_FR","og_type":"article","og_title":"bassin - AM Paysage - Cappelle en P\u00e9v\u00e8le- Hauts de France","og_description":"AM Paysage am\u00e9nage \u00e9galement des pi\u00e8ces d'eau, \u00e9tangs et bassin qui vous procureront une sensation unique de bien \u00eatre. Une id\u00e9e en t\u00eate","og_url":"https:\/\/am-paysage59.fr\/index.php\/bassin-etangs\/","og_site_name":"AM Paysage","article_modified_time":"2020-05-02T07:14:24+00:00","twitter_card":"summary_large_image","schema":{"@context":"https:\/\/schema.org","@graph":[{"@type":"WebPage","@id":"https:\/\/am-paysage59.fr\/index.php\/bassin-etangs\/","url":"https:\/\/am-paysage59.fr\/index.php\/bassin-etangs\/","name":"bassin - AM Paysage - Cappelle en P\u00e9v\u00e8le- Hauts de France","isPartOf":{"@id":"https:\/\/am-paysage59.fr\/#website"},"datePublished":"2020-04-29T07:31:50+00:00","dateModified":"2020-05-02T07:14:24+00:00","description":"AM Paysage am\u00e9nage \u00e9galement des pi\u00e8ces d'eau, \u00e9tangs et bassin qui vous procureront une sensation unique de bien \u00eatre. Une id\u00e9e en t\u00eate","breadcrumb":{"@id":"https:\/\/am-paysage59.fr\/index.php\/bassin-etangs\/#breadcrumb"},"inLanguage":"fr-FR","potentialAction":[{"@type":"ReadAction","target":["https:\/\/am-paysage59.fr\/index.php\/bassin-etangs\/"]}]},{"@type":"BreadcrumbList","@id":"https:\/\/am-paysage59.fr\/index.php\/bassin-etangs\/#breadcrumb","itemListElement":[{"@type":"ListItem","position":1,"name":"Accueil","item":"https:\/\/am-paysage59.fr\/"},{"@type":"ListItem","position":2,"name":"bassin"}]},{"@type":"WebSite","@id":"https:\/\/am-paysage59.fr\/#website","url":"https:\/\/am-paysage59.fr\/","name":"AM Paysage","description":"","potentialAction":[{"@type":"SearchAction","target":{"@type":"EntryPoint","urlTemplate":"https:\/\/am-paysage59.fr\/?s={search_term_string}"},"query-input":{"@type":"PropertyValueSpecification","valueRequired":true,"valueName":"search_term_string"}}],"inLanguage":"fr-FR"}]}},"_links":{"self":[{"href":"https:\/\/am-paysage59.fr\/index.php\/wp-json\/wp\/v2\/pages\/280","targetHints":{"allow":["GET"]}}],"collection":[{"href":"https:\/\/am-paysage59.fr\/index.php\/wp-json\/wp\/v2\/pages"}],"about":[{"href":"https:\/\/am-paysage59.fr\/index.php\/wp-json\/wp\/v2\/types\/page"}],"author":[{"embeddable":true,"href":"https:\/\/am-paysage59.fr\/index.php\/wp-json\/wp\/v2\/users\/1"}],"replies":[{"embeddable":true,"href":"https:\/\/am-paysage59.fr\/index.php\/wp-json\/wp\/v2\/comments?post=280"}],"version-history":[{"count":20,"href":"https:\/\/am-paysage59.fr\/index.php\/wp-json\/wp\/v2\/pages\/280\/revisions"}],"predecessor-version":[{"id":789,"href":"https:\/\/am-paysage59.fr\/index.php\/wp-json\/wp\/v2\/pages\/280\/revisions\/789"}],"wp:attachment":[{"href":"https:\/\/am-paysage59.fr\/index.php\/wp-json\/wp\/v2\/media?parent=280"}],"curies":[{"name":"wp","href":"https:\/\/api.w.org\/{rel}","templated":true}]}}