{"id":104,"date":"2020-04-25T10:39:50","date_gmt":"2020-04-25T08:39:50","guid":{"rendered":"http:\/\/am-paysage59.fr\/?page_id=104"},"modified":"2020-05-04T18:32:45","modified_gmt":"2020-05-04T16:32:45","slug":"cloture","status":"publish","type":"page","link":"https:\/\/am-paysage59.fr\/index.php\/cloture\/","title":{"rendered":"cloture"},"content":{"rendered":"\t\t<div data-elementor-type=\"wp-page\" data-elementor-id=\"104\" class=\"elementor elementor-104\" data-elementor-post-type=\"page\">\n\t\t\t\t\t\t<section class=\"elementor-section elementor-top-section elementor-element elementor-element-22277073 elementor-section-height-min-height elementor-section-boxed elementor-section-height-default elementor-section-items-middle\" data-id=\"22277073\" data-element_type=\"section\" data-e-type=\"section\" data-settings=\"{&quot;background_background&quot;:&quot;classic&quot;}\">\n\t\t\t\t\t\t\t<div class=\"elementor-background-overlay\"><\/div>\n\t\t\t\t\t\t\t<div class=\"elementor-container elementor-column-gap-default\">\n\t\t\t\t\t<div class=\"elementor-column elementor-col-100 elementor-top-column elementor-element elementor-element-28da5934\" data-id=\"28da5934\" data-element_type=\"column\" data-e-type=\"column\">\n\t\t\t<div class=\"elementor-widget-wrap elementor-element-populated\">\n\t\t\t\t\t\t<div class=\"elementor-element elementor-element-4a52402c elementor-widget elementor-widget-heading\" data-id=\"4a52402c\" data-element_type=\"widget\" data-e-type=\"widget\" data-widget_type=\"heading.default\">\n\t\t\t\t<div class=\"elementor-widget-container\">\n\t\t\t\t\t<h2 class=\"elementor-heading-title elementor-size-default\">cl\u00f4ture<\/h2>\t\t\t\t<\/div>\n\t\t\t\t<\/div>\n\t\t\t\t<div class=\"elementor-element elementor-element-597805ce elementor-widget elementor-widget-heading\" data-id=\"597805ce\" data-element_type=\"widget\" data-e-type=\"widget\" data-widget_type=\"heading.default\">\n\t\t\t\t<div class=\"elementor-widget-container\">\n\t\t\t\t\t<h2 class=\"elementor-heading-title elementor-size-default\">AM Paysage se charge \u00e9galement de concevoir et de poser votre cl\u00f4ture. Travaillant en collaboration avec un ferronnier d'art renomm\u00e9, AM Paysage peut \u00e9galement vous proposer des cr\u00e9ations originales sur mesure qui sauront mettre en avant le caract\u00e8re de votre habitation et de vos ext\u00e9rieurs.<\/h2>\t\t\t\t<\/div>\n\t\t\t\t<\/div>\n\t\t\t\t\t<\/div>\n\t\t<\/div>\n\t\t\t\t\t<\/div>\n\t\t<\/section>\n\t\t\t\t<section class=\"elementor-section elementor-top-section elementor-element elementor-element-5a1e2ecc elementor-section-height-min-height elementor-section-full_width elementor-section-height-default elementor-section-items-middle\" data-id=\"5a1e2ecc\" data-element_type=\"section\" data-e-type=\"section\" data-settings=\"{&quot;background_background&quot;:&quot;classic&quot;}\">\n\t\t\t\t\t\t<div class=\"elementor-container elementor-column-gap-no\">\n\t\t\t\t\t<div class=\"elementor-column elementor-col-100 elementor-top-column elementor-element elementor-element-4faff235\" data-id=\"4faff235\" data-element_type=\"column\" data-e-type=\"column\">\n\t\t\t<div class=\"elementor-widget-wrap elementor-element-populated\">\n\t\t\t\t\t\t<div class=\"elementor-element elementor-element-515cd199 elementor-widget elementor-widget-heading\" data-id=\"515cd199\" data-element_type=\"widget\" data-e-type=\"widget\" data-widget_type=\"heading.default\">\n\t\t\t\t<div class=\"elementor-widget-container\">\n\t\t\t\t\t<h2 class=\"elementor-heading-title elementor-size-default\">nos r\u00e9alisations<\/h2>\t\t\t\t<\/div>\n\t\t\t\t<\/div>\n\t\t\t\t<div class=\"elementor-element elementor-element-14b985f1 elementor-skin-carousel elementor-arrows-yes elementor-pagination-type-bullets elementor-pagination-position-outside elementor-widget elementor-widget-media-carousel\" data-id=\"14b985f1\" data-element_type=\"widget\" data-e-type=\"widget\" data-settings=\"{&quot;skin&quot;:&quot;carousel&quot;,&quot;effect&quot;:&quot;slide&quot;,&quot;show_arrows&quot;:&quot;yes&quot;,&quot;pagination&quot;:&quot;bullets&quot;,&quot;speed&quot;:500,&quot;autoplay&quot;:&quot;yes&quot;,&quot;autoplay_speed&quot;:5000,&quot;loop&quot;:&quot;yes&quot;,&quot;pause_on_hover&quot;:&quot;yes&quot;,&quot;pause_on_interaction&quot;:&quot;yes&quot;,&quot;space_between&quot;:{&quot;unit&quot;:&quot;px&quot;,&quot;size&quot;:10,&quot;sizes&quot;:[]},&quot;space_between_tablet&quot;:{&quot;unit&quot;:&quot;px&quot;,&quot;size&quot;:10,&quot;sizes&quot;:[]},&quot;space_between_mobile&quot;:{&quot;unit&quot;:&quot;px&quot;,&quot;size&quot;:10,&quot;sizes&quot;:[]}}\" data-widget_type=\"media-carousel.default\">\n\t\t\t\t<div class=\"elementor-widget-container\">\n\t\t\t\t\t\t\t\t\t<div class=\"elementor-swiper\">\n\t\t\t\t\t<div class=\"elementor-main-swiper swiper\" role=\"region\" aria-roledescription=\"carousel\" aria-label=\"Diapositives\">\n\t\t\t\t<div class=\"swiper-wrapper\">\n\t\t\t\t\t\t\t\t\t\t\t<div class=\"swiper-slide\" role=\"group\" aria-roledescription=\"slide\">\n\t\t\t\t\t\t\t\t\t<div class=\"elementor-carousel-image\" role=\"img\" aria-label=\"cloture3\" style=\"background-image: url(&#039;https:\/\/am-paysage59.fr\/wp-content\/uploads\/2020\/05\/cloture3.jpg&#039;)\">\n\n\t\t\t\n\t\t\t\t\t<\/div>\n\t\t\t\t\t\t\t\t<\/div>\n\t\t\t\t\t\t\t\t\t\t\t<div class=\"swiper-slide\" role=\"group\" aria-roledescription=\"slide\">\n\t\t\t\t\t\t\t\t\t<div class=\"elementor-carousel-image\" role=\"img\" aria-label=\"cl\u00f4ture et carport AM Paysage Capelle en P\u00e9v\u00e8le 59242\" style=\"background-image: url(&#039;https:\/\/am-paysage59.fr\/wp-content\/uploads\/2020\/04\/Capture-d\u2019\u00e9cran-2020-04-29-\u00e0-10.54.29.png&#039;)\">\n\n\t\t\t\n\t\t\t\t\t<\/div>\n\t\t\t\t\t\t\t\t<\/div>\n\t\t\t\t\t\t\t\t\t\t\t<div class=\"swiper-slide\" role=\"group\" aria-roledescription=\"slide\">\n\t\t\t\t\t\t\t\t\t<div class=\"elementor-carousel-image\" role=\"img\" aria-label=\"cl\u00f4ture et carport AM Paysage Capelle en P\u00e9v\u00e8le 59242\" style=\"background-image: url(&#039;https:\/\/am-paysage59.fr\/wp-content\/uploads\/2020\/04\/Capture-d\u2019\u00e9cran-2020-04-29-\u00e0-10.53.40.png&#039;)\">\n\n\t\t\t\n\t\t\t\t\t<\/div>\n\t\t\t\t\t\t\t\t<\/div>\n\t\t\t\t\t\t\t\t\t\t\t<div class=\"swiper-slide\" role=\"group\" aria-roledescription=\"slide\">\n\t\t\t\t\t\t\t\t\t<div class=\"elementor-carousel-image\" role=\"img\" aria-label=\"Capture\" style=\"background-image: url(&#039;https:\/\/am-paysage59.fr\/wp-content\/uploads\/2020\/04\/Capture.jpg&#039;)\">\n\n\t\t\t\n\t\t\t\t\t<\/div>\n\t\t\t\t\t\t\t\t<\/div>\n\t\t\t\t\t\t\t\t\t\t\t<div class=\"swiper-slide\" role=\"group\" aria-roledescription=\"slide\">\n\t\t\t\t\t\t\t\t\t<div class=\"elementor-carousel-image\" role=\"img\" aria-label=\"cl\u00f4ture AM Paysage Capelle en P\u00e9v\u00e8le 59242\" style=\"background-image: url(&#039;https:\/\/am-paysage59.fr\/wp-content\/uploads\/2020\/04\/IMG_2310.jpg&#039;)\">\n\n\t\t\t\n\t\t\t\t\t<\/div>\n\t\t\t\t\t\t\t\t<\/div>\n\t\t\t\t\t\t\t\t\t\t\t<div class=\"swiper-slide\" role=\"group\" aria-roledescription=\"slide\">\n\t\t\t\t\t\t\t\t\t<div class=\"elementor-carousel-image\" role=\"img\" aria-label=\"cl\u00f4ture AM Paysage Capelle en P\u00e9v\u00e8le 59242\" style=\"background-image: url(&#039;https:\/\/am-paysage59.fr\/wp-content\/uploads\/2020\/04\/IMG_1418-scaled.jpg&#039;)\">\n\n\t\t\t\n\t\t\t\t\t<\/div>\n\t\t\t\t\t\t\t\t<\/div>\n\t\t\t\t\t\t\t\t\t\t\t<div class=\"swiper-slide\" role=\"group\" aria-roledescription=\"slide\">\n\t\t\t\t\t\t\t\t\t<div class=\"elementor-carousel-image\" role=\"img\" aria-label=\"cl\u00f4ture AM Paysage Capelle en P\u00e9v\u00e8le 59242\" style=\"background-image: url(&#039;https:\/\/am-paysage59.fr\/wp-content\/uploads\/2020\/04\/IMG_1415-scaled.jpg&#039;)\">\n\n\t\t\t\n\t\t\t\t\t<\/div>\n\t\t\t\t\t\t\t\t<\/div>\n\t\t\t\t\t\t\t\t\t\t\t<div class=\"swiper-slide\" role=\"group\" aria-roledescription=\"slide\">\n\t\t\t\t\t\t\t\t\t<div class=\"elementor-carousel-image\" role=\"img\" aria-label=\"cl\u00f4ture AM Paysage Capelle en P\u00e9v\u00e8le 59242\" style=\"background-image: url(&#039;https:\/\/am-paysage59.fr\/wp-content\/uploads\/2020\/04\/IMG_0841.jpg&#039;)\">\n\n\t\t\t\n\t\t\t\t\t<\/div>\n\t\t\t\t\t\t\t\t<\/div>\n\t\t\t\t\t\t\t\t\t\t\t<div class=\"swiper-slide\" role=\"group\" aria-roledescription=\"slide\">\n\t\t\t\t\t\t\t\t\t<div class=\"elementor-carousel-image\" role=\"img\" aria-label=\"cl\u00f4ture AM Paysage Capelle en P\u00e9v\u00e8le 59242\" style=\"background-image: url(&#039;https:\/\/am-paysage59.fr\/wp-content\/uploads\/2020\/04\/DSCF4320-scaled.jpg&#039;)\">\n\n\t\t\t\n\t\t\t\t\t<\/div>\n\t\t\t\t\t\t\t\t<\/div>\n\t\t\t\t\t\t\t\t\t\t\t<div class=\"swiper-slide\" role=\"group\" aria-roledescription=\"slide\">\n\t\t\t\t\t\t\t\t\t<div class=\"elementor-carousel-image\" role=\"img\" aria-label=\"cl\u00f4ture AM Paysage Capelle en P\u00e9v\u00e8le 59242\" style=\"background-image: url(&#039;https:\/\/am-paysage59.fr\/wp-content\/uploads\/2020\/04\/2018-04-26-16.05.31-scaled.jpg&#039;)\">\n\n\t\t\t\n\t\t\t\t\t<\/div>\n\t\t\t\t\t\t\t\t<\/div>\n\t\t\t\t\t\t\t\t\t\t\t<div class=\"swiper-slide\" role=\"group\" aria-roledescription=\"slide\">\n\t\t\t\t\t\t\t\t\t<div class=\"elementor-carousel-image\" role=\"img\" aria-label=\"cl\u00f4ture AM Paysage Capelle en P\u00e9v\u00e8le 59242\" style=\"background-image: url(&#039;https:\/\/am-paysage59.fr\/wp-content\/uploads\/2020\/04\/2018-01-27-14.25.52-2-scaled.jpg&#039;)\">\n\n\t\t\t\n\t\t\t\t\t<\/div>\n\t\t\t\t\t\t\t\t<\/div>\n\t\t\t\t\t\t\t\t\t\t\t<div class=\"swiper-slide\" role=\"group\" aria-roledescription=\"slide\">\n\t\t\t\t\t\t\t\t\t<div class=\"elementor-carousel-image\" role=\"img\" aria-label=\"cl\u00f4ture AM Paysage Capelle en P\u00e9v\u00e8le 59242\" style=\"background-image: url(&#039;https:\/\/am-paysage59.fr\/wp-content\/uploads\/2020\/04\/2018-01-27-14.24.08-2-scaled.jpg&#039;)\">\n\n\t\t\t\n\t\t\t\t\t<\/div>\n\t\t\t\t\t\t\t\t<\/div>\n\t\t\t\t\t\t\t\t\t\t\t<div class=\"swiper-slide\" role=\"group\" aria-roledescription=\"slide\">\n\t\t\t\t\t\t\t\t\t<div class=\"elementor-carousel-image\" role=\"img\" aria-label=\"cl\u00f4ture AM Paysage Capelle en P\u00e9v\u00e8le 59242\" style=\"background-image: url(&#039;https:\/\/am-paysage59.fr\/wp-content\/uploads\/2020\/04\/2017-06-19-12.45.36-scaled.jpg&#039;)\">\n\n\t\t\t\n\t\t\t\t\t<\/div>\n\t\t\t\t\t\t\t\t<\/div>\n\t\t\t\t\t\t\t\t\t\t\t<div class=\"swiper-slide\" role=\"group\" aria-roledescription=\"slide\">\n\t\t\t\t\t\t\t\t\t<div class=\"elementor-carousel-image\" role=\"img\" aria-label=\"cl\u00f4ture2\" style=\"background-image: url(&#039;https:\/\/am-paysage59.fr\/wp-content\/uploads\/2020\/05\/cl\u00f4ture2-scaled.jpg&#039;)\">\n\n\t\t\t\n\t\t\t\t\t<\/div>\n\t\t\t\t\t\t\t\t<\/div>\n\t\t\t\t\t\t\t\t\t\t\t<div class=\"swiper-slide\" role=\"group\" aria-roledescription=\"slide\">\n\t\t\t\t\t\t\t\t\t<div class=\"elementor-carousel-image\" role=\"img\" aria-label=\"cloture4\" style=\"background-image: url(&#039;https:\/\/am-paysage59.fr\/wp-content\/uploads\/2020\/05\/cloture4-scaled.jpg&#039;)\">\n\n\t\t\t\n\t\t\t\t\t<\/div>\n\t\t\t\t\t\t\t\t<\/div>\n\t\t\t\t\t\t\t\t\t\t\t<div class=\"swiper-slide\" role=\"group\" aria-roledescription=\"slide\">\n\t\t\t\t\t\t\t\t\t<div class=\"elementor-carousel-image\" role=\"img\" aria-label=\"cloture 1\" style=\"background-image: url(&#039;https:\/\/am-paysage59.fr\/wp-content\/uploads\/2020\/05\/cloture-1-scaled.jpg&#039;)\">\n\n\t\t\t\n\t\t\t\t\t<\/div>\n\t\t\t\t\t\t\t\t<\/div>\n\t\t\t\t\t\t\t\t\t\t\t<div class=\"swiper-slide\" role=\"group\" aria-roledescription=\"slide\">\n\t\t\t\t\t\t\t\t\t<div class=\"elementor-carousel-image\" role=\"img\" aria-label=\"cl\u00f4ture et carport AM Paysage Capelle en P\u00e9v\u00e8le 59242\" style=\"background-image: url(&#039;https:\/\/am-paysage59.fr\/wp-content\/uploads\/2020\/04\/WP_20160806_17_23_35_Pro-scaled.jpg&#039;)\">\n\n\t\t\t\n\t\t\t\t\t<\/div>\n\t\t\t\t\t\t\t\t<\/div>\n\t\t\t\t\t\t\t\t\t<\/div>\n\t\t\t\t\t\t\t\t\t\t\t\t\t\t\t<div class=\"elementor-swiper-button elementor-swiper-button-prev\" role=\"button\" tabindex=\"0\" aria-label=\"Pr\u00e9c\u00e9dent\">\n\t\t\t\t\t\t\t<i aria-hidden=\"true\" class=\"eicon-chevron-left\"><\/i>\t\t\t\t\t\t<\/div>\n\t\t\t\t\t\t<div class=\"elementor-swiper-button elementor-swiper-button-next\" role=\"button\" tabindex=\"0\" aria-label=\"Suivant\">\n\t\t\t\t\t\t\t<i aria-hidden=\"true\" class=\"eicon-chevron-right\"><\/i>\t\t\t\t\t\t<\/div>\n\t\t\t\t\t\t\t\t\t\t\t\t\t\t\t\t<div class=\"swiper-pagination\"><\/div>\n\t\t\t\t\t\t\t\t\t\t\t\t<\/div>\n\t\t\t\t<\/div>\n\t\t\t\t\t\t\t\t<\/div>\n\t\t\t\t<\/div>\n\t\t\t\t\t<\/div>\n\t\t<\/div>\n\t\t\t\t\t<\/div>\n\t\t<\/section>\n\t\t\t\t<section class=\"elementor-section elementor-top-section elementor-element elementor-element-47d32901 elementor-section-height-min-height elementor-section-boxed elementor-section-height-default elementor-section-items-middle\" data-id=\"47d32901\" data-element_type=\"section\" data-e-type=\"section\">\n\t\t\t\t\t\t<div class=\"elementor-container elementor-column-gap-default\">\n\t\t\t\t\t<div class=\"elementor-column elementor-col-100 elementor-top-column elementor-element elementor-element-812377a\" data-id=\"812377a\" data-element_type=\"column\" data-e-type=\"column\">\n\t\t\t<div class=\"elementor-widget-wrap elementor-element-populated\">\n\t\t\t\t\t\t<div class=\"elementor-element elementor-element-3bb3146b elementor-widget elementor-widget-heading\" data-id=\"3bb3146b\" data-element_type=\"widget\" data-e-type=\"widget\" data-widget_type=\"heading.default\">\n\t\t\t\t<div class=\"elementor-widget-container\">\n\t\t\t\t\t<h2 class=\"elementor-heading-title elementor-size-default\">Une question, une demande de devis, n'h\u00e9sitez pas \u00e0 nous contacter, AM Paysage se fera un plaisir de vous renseigner dans les meilleurs d\u00e9lais<\/h2>\t\t\t\t<\/div>\n\t\t\t\t<\/div>\n\t\t\t\t<div class=\"elementor-element elementor-element-1deec456 elementor-button-align-stretch elementor-widget elementor-widget-form\" data-id=\"1deec456\" data-element_type=\"widget\" data-e-type=\"widget\" data-settings=\"{&quot;button_width&quot;:&quot;100&quot;,&quot;step_next_label&quot;:&quot;Suivant&quot;,&quot;step_previous_label&quot;:&quot;Pr\\u00e9c\\u00e9dent&quot;,&quot;step_type&quot;:&quot;number_text&quot;,&quot;step_icon_shape&quot;:&quot;circle&quot;}\" data-widget_type=\"form.default\">\n\t\t\t\t<div class=\"elementor-widget-container\">\n\t\t\t\t\t\t\t<form class=\"elementor-form\" method=\"post\" name=\"Nouveau formulaire\" aria-label=\"Nouveau formulaire\">\n\t\t\t<input type=\"hidden\" name=\"post_id\" value=\"104\"\/>\n\t\t\t<input type=\"hidden\" name=\"form_id\" value=\"1deec456\"\/>\n\t\t\t<input type=\"hidden\" name=\"referer_title\" value=\"cloture - AM Paysage - Cappelle en P\u00e9v\u00e8le- Hauts de France\" \/>\n\n\t\t\t\t\t\t\t<input type=\"hidden\" name=\"queried_id\" value=\"104\"\/>\n\t\t\t\n\t\t\t<div class=\"elementor-form-fields-wrapper elementor-labels-\">\n\t\t\t\t\t\t\t\t<div class=\"elementor-field-type-text elementor-field-group elementor-column elementor-field-group-name elementor-col-100 elementor-field-required\">\n\t\t\t\t\t\t\t\t\t\t\t\t<label for=\"form-field-name\" class=\"elementor-field-label elementor-screen-only\">\n\t\t\t\t\t\t\t\tNom\t\t\t\t\t\t\t<\/label>\n\t\t\t\t\t\t\t\t\t\t\t\t\t\t<input size=\"1\" type=\"text\" name=\"form_fields[name]\" id=\"form-field-name\" class=\"elementor-field elementor-size-sm  elementor-field-textual\" placeholder=\"Nom\" required=\"required\">\n\t\t\t\t\t\t\t\t\t\t\t<\/div>\n\t\t\t\t\t\t\t\t<div class=\"elementor-field-type-tel elementor-field-group elementor-column elementor-field-group-field_033d426 elementor-col-100 elementor-field-required\">\n\t\t\t\t\t\t\t\t\t\t\t\t<label for=\"form-field-field_033d426\" class=\"elementor-field-label elementor-screen-only\">\n\t\t\t\t\t\t\t\tT\u00e9l.\t\t\t\t\t\t\t<\/label>\n\t\t\t\t\t\t\t\t<input size=\"1\" type=\"tel\" name=\"form_fields[field_033d426]\" id=\"form-field-field_033d426\" class=\"elementor-field elementor-size-sm  elementor-field-textual\" placeholder=\"T\u00e9l.\" required=\"required\" pattern=\"[0-9()#&amp;+*-=.]+\" title=\"Seuls les caract\u00e8res de num\u00e9ros de t\u00e9l\u00e9phone (#, -, *, etc.) sont accept\u00e9s.\">\n\n\t\t\t\t\t\t<\/div>\n\t\t\t\t\t\t\t\t<div class=\"elementor-field-type-email elementor-field-group elementor-column elementor-field-group-email elementor-col-100 elementor-field-required\">\n\t\t\t\t\t\t\t\t\t\t\t\t<label for=\"form-field-email\" class=\"elementor-field-label elementor-screen-only\">\n\t\t\t\t\t\t\t\tE-mail\t\t\t\t\t\t\t<\/label>\n\t\t\t\t\t\t\t\t\t\t\t\t\t\t<input size=\"1\" type=\"email\" name=\"form_fields[email]\" id=\"form-field-email\" class=\"elementor-field elementor-size-sm  elementor-field-textual\" placeholder=\"E-mail\" required=\"required\">\n\t\t\t\t\t\t\t\t\t\t\t<\/div>\n\t\t\t\t\t\t\t\t<div class=\"elementor-field-type-textarea elementor-field-group elementor-column elementor-field-group-message elementor-col-100 elementor-field-required\">\n\t\t\t\t\t\t\t\t\t\t\t\t<label for=\"form-field-message\" class=\"elementor-field-label elementor-screen-only\">\n\t\t\t\t\t\t\t\tMessage\t\t\t\t\t\t\t<\/label>\n\t\t\t\t\t\t<textarea class=\"elementor-field-textual elementor-field  elementor-size-sm\" name=\"form_fields[message]\" id=\"form-field-message\" rows=\"4\" placeholder=\"Message\" required=\"required\"><\/textarea>\t\t\t\t<\/div>\n\t\t\t\t\t\t\t\t<div class=\"elementor-field-group elementor-column elementor-field-type-submit elementor-col-100 e-form__buttons\">\n\t\t\t\t\t<button class=\"elementor-button elementor-size-sm\" type=\"submit\">\n\t\t\t\t\t\t<span class=\"elementor-button-content-wrapper\">\n\t\t\t\t\t\t\t\t\t\t\t\t\t\t\t\t\t\t\t\t\t\t<span class=\"elementor-button-text\">Envoyer<\/span>\n\t\t\t\t\t\t\t\t\t\t\t\t\t<\/span>\n\t\t\t\t\t<\/button>\n\t\t\t\t<\/div>\n\t\t\t<\/div>\n\t\t<\/form>\n\t\t\t\t\t\t<\/div>\n\t\t\t\t<\/div>\n\t\t\t\t\t<\/div>\n\t\t<\/div>\n\t\t\t\t\t<\/div>\n\t\t<\/section>\n\t\t\t\t<\/div>\n\t\t","protected":false},"excerpt":{"rendered":"<p>cl\u00f4ture AM Paysage se charge \u00e9galement de concevoir et de poser votre cl\u00f4ture. Travaillant en collaboration avec un ferronnier d&rsquo;art renomm\u00e9, AM Paysage peut \u00e9galement vous proposer des cr\u00e9ations originales sur mesure qui sauront mettre en avant le caract\u00e8re de votre habitation et de vos ext\u00e9rieurs. nos r\u00e9alisations Pr\u00e9c\u00e9dent Suivant Une question, une demande de [&hellip;]<\/p>\n","protected":false},"author":1,"featured_media":0,"parent":0,"menu_order":0,"comment_status":"closed","ping_status":"closed","template":"elementor_header_footer","meta":{"_et_pb_use_builder":"","_et_pb_old_content":"","footnotes":""},"class_list":["post-104","page","type-page","status-publish","hentry"],"yoast_head":"<!-- This site is optimized with the Yoast SEO plugin v27.1.1 - https:\/\/yoast.com\/product\/yoast-seo-wordpress\/ -->\n<title>cloture - AM Paysage - Cappelle en P\u00e9v\u00e8le- Hauts de France<\/title>\n<meta name=\"description\" content=\"AM Paysage se charge \u00e9galement de concevoir et de poser votre cl\u00f4ture. Travaillant en collaboration avec un ferronnier d&#039;art renomm\u00e9\" \/>\n<meta name=\"robots\" content=\"index, follow, max-snippet:-1, max-image-preview:large, max-video-preview:-1\" \/>\n<link rel=\"canonical\" href=\"https:\/\/am-paysage59.fr\/index.php\/cloture\/\" \/>\n<meta property=\"og:locale\" content=\"fr_FR\" \/>\n<meta property=\"og:type\" content=\"article\" \/>\n<meta property=\"og:title\" content=\"cloture - AM Paysage - Cappelle en P\u00e9v\u00e8le- Hauts de France\" \/>\n<meta property=\"og:description\" content=\"AM Paysage se charge \u00e9galement de concevoir et de poser votre cl\u00f4ture. Travaillant en collaboration avec un ferronnier d&#039;art renomm\u00e9\" \/>\n<meta property=\"og:url\" content=\"https:\/\/am-paysage59.fr\/index.php\/cloture\/\" \/>\n<meta property=\"og:site_name\" content=\"AM Paysage\" \/>\n<meta property=\"article:modified_time\" content=\"2020-05-04T16:32:45+00:00\" \/>\n<meta name=\"twitter:card\" content=\"summary_large_image\" \/>\n<script type=\"application\/ld+json\" class=\"yoast-schema-graph\">{\"@context\":\"https:\/\/schema.org\",\"@graph\":[{\"@type\":\"WebPage\",\"@id\":\"https:\/\/am-paysage59.fr\/index.php\/cloture\/\",\"url\":\"https:\/\/am-paysage59.fr\/index.php\/cloture\/\",\"name\":\"cloture - AM Paysage - Cappelle en P\u00e9v\u00e8le- Hauts de France\",\"isPartOf\":{\"@id\":\"https:\/\/am-paysage59.fr\/#website\"},\"datePublished\":\"2020-04-25T08:39:50+00:00\",\"dateModified\":\"2020-05-04T16:32:45+00:00\",\"description\":\"AM Paysage se charge \u00e9galement de concevoir et de poser votre cl\u00f4ture. Travaillant en collaboration avec un ferronnier d'art renomm\u00e9\",\"breadcrumb\":{\"@id\":\"https:\/\/am-paysage59.fr\/index.php\/cloture\/#breadcrumb\"},\"inLanguage\":\"fr-FR\",\"potentialAction\":[{\"@type\":\"ReadAction\",\"target\":[\"https:\/\/am-paysage59.fr\/index.php\/cloture\/\"]}]},{\"@type\":\"BreadcrumbList\",\"@id\":\"https:\/\/am-paysage59.fr\/index.php\/cloture\/#breadcrumb\",\"itemListElement\":[{\"@type\":\"ListItem\",\"position\":1,\"name\":\"Accueil\",\"item\":\"https:\/\/am-paysage59.fr\/\"},{\"@type\":\"ListItem\",\"position\":2,\"name\":\"cloture\"}]},{\"@type\":\"WebSite\",\"@id\":\"https:\/\/am-paysage59.fr\/#website\",\"url\":\"https:\/\/am-paysage59.fr\/\",\"name\":\"AM Paysage\",\"description\":\"\",\"potentialAction\":[{\"@type\":\"SearchAction\",\"target\":{\"@type\":\"EntryPoint\",\"urlTemplate\":\"https:\/\/am-paysage59.fr\/?s={search_term_string}\"},\"query-input\":{\"@type\":\"PropertyValueSpecification\",\"valueRequired\":true,\"valueName\":\"search_term_string\"}}],\"inLanguage\":\"fr-FR\"}]}<\/script>\n<!-- \/ Yoast SEO plugin. -->","yoast_head_json":{"title":"cloture - AM Paysage - Cappelle en P\u00e9v\u00e8le- Hauts de France","description":"AM Paysage se charge \u00e9galement de concevoir et de poser votre cl\u00f4ture. Travaillant en collaboration avec un ferronnier d'art renomm\u00e9","robots":{"index":"index","follow":"follow","max-snippet":"max-snippet:-1","max-image-preview":"max-image-preview:large","max-video-preview":"max-video-preview:-1"},"canonical":"https:\/\/am-paysage59.fr\/index.php\/cloture\/","og_locale":"fr_FR","og_type":"article","og_title":"cloture - AM Paysage - Cappelle en P\u00e9v\u00e8le- Hauts de France","og_description":"AM Paysage se charge \u00e9galement de concevoir et de poser votre cl\u00f4ture. Travaillant en collaboration avec un ferronnier d'art renomm\u00e9","og_url":"https:\/\/am-paysage59.fr\/index.php\/cloture\/","og_site_name":"AM Paysage","article_modified_time":"2020-05-04T16:32:45+00:00","twitter_card":"summary_large_image","schema":{"@context":"https:\/\/schema.org","@graph":[{"@type":"WebPage","@id":"https:\/\/am-paysage59.fr\/index.php\/cloture\/","url":"https:\/\/am-paysage59.fr\/index.php\/cloture\/","name":"cloture - AM Paysage - Cappelle en P\u00e9v\u00e8le- Hauts de France","isPartOf":{"@id":"https:\/\/am-paysage59.fr\/#website"},"datePublished":"2020-04-25T08:39:50+00:00","dateModified":"2020-05-04T16:32:45+00:00","description":"AM Paysage se charge \u00e9galement de concevoir et de poser votre cl\u00f4ture. Travaillant en collaboration avec un ferronnier d'art renomm\u00e9","breadcrumb":{"@id":"https:\/\/am-paysage59.fr\/index.php\/cloture\/#breadcrumb"},"inLanguage":"fr-FR","potentialAction":[{"@type":"ReadAction","target":["https:\/\/am-paysage59.fr\/index.php\/cloture\/"]}]},{"@type":"BreadcrumbList","@id":"https:\/\/am-paysage59.fr\/index.php\/cloture\/#breadcrumb","itemListElement":[{"@type":"ListItem","position":1,"name":"Accueil","item":"https:\/\/am-paysage59.fr\/"},{"@type":"ListItem","position":2,"name":"cloture"}]},{"@type":"WebSite","@id":"https:\/\/am-paysage59.fr\/#website","url":"https:\/\/am-paysage59.fr\/","name":"AM Paysage","description":"","potentialAction":[{"@type":"SearchAction","target":{"@type":"EntryPoint","urlTemplate":"https:\/\/am-paysage59.fr\/?s={search_term_string}"},"query-input":{"@type":"PropertyValueSpecification","valueRequired":true,"valueName":"search_term_string"}}],"inLanguage":"fr-FR"}]}},"_links":{"self":[{"href":"https:\/\/am-paysage59.fr\/index.php\/wp-json\/wp\/v2\/pages\/104","targetHints":{"allow":["GET"]}}],"collection":[{"href":"https:\/\/am-paysage59.fr\/index.php\/wp-json\/wp\/v2\/pages"}],"about":[{"href":"https:\/\/am-paysage59.fr\/index.php\/wp-json\/wp\/v2\/types\/page"}],"author":[{"embeddable":true,"href":"https:\/\/am-paysage59.fr\/index.php\/wp-json\/wp\/v2\/users\/1"}],"replies":[{"embeddable":true,"href":"https:\/\/am-paysage59.fr\/index.php\/wp-json\/wp\/v2\/comments?post=104"}],"version-history":[{"count":34,"href":"https:\/\/am-paysage59.fr\/index.php\/wp-json\/wp\/v2\/pages\/104\/revisions"}],"predecessor-version":[{"id":806,"href":"https:\/\/am-paysage59.fr\/index.php\/wp-json\/wp\/v2\/pages\/104\/revisions\/806"}],"wp:attachment":[{"href":"https:\/\/am-paysage59.fr\/index.php\/wp-json\/wp\/v2\/media?parent=104"}],"curies":[{"name":"wp","href":"https:\/\/api.w.org\/{rel}","templated":true}]}}